{"id":3404,"date":"2025-01-05T14:30:55","date_gmt":"2025-01-05T14:30:55","guid":{"rendered":"https:\/\/fabbwomen.com\/?post_type=product&#038;p=3404"},"modified":"2025-01-05T14:30:55","modified_gmt":"2025-01-05T14:30:55","slug":"yarim-balikci-yaka-fermuali-polar-sweatshirt","status":"publish","type":"product","link":"https:\/\/fabbwomen.com\/index.php\/urun\/yarim-balikci-yaka-fermuali-polar-sweatshirt\/","title":{"rendered":"Yar\u0131m Bal\u0131k\u00e7\u0131 Yaka Fermual\u0131 Polar Sweatshirt"},"content":{"rendered":"","protected":false},"excerpt":{"rendered":"","protected":false},"featured_media":3410,"comment_status":"open","ping_status":"closed","template":"","meta":{"_uag_custom_page_level_css":"","site-sidebar-layout":"default","site-content-layout":"","ast-site-content-layout":"default","site-content-style":"default","site-sidebar-style":"default","ast-global-header-display":"","ast-banner-title-visibility":"","ast-main-header-display":"","ast-hfb-above-header-display":"","ast-hfb-below-header-display":"","ast-hfb-mobile-header-display":"","site-post-title":"","ast-breadcrumbs-content":"","ast-featured-img":"","footer-sml-layout":"","ast-disable-related-posts":"","theme-transparent-header-meta":"default","adv-header-id-meta":"","stick-header-meta":"default","header-above-stick-meta":"","header-main-stick-meta":"","header-below-stick-meta":"","astra-migrate-meta-layouts":"set","ast-page-background-enabled":"default","ast-page-background-meta":{"desktop":{"background-color":"","background-image":"","background-repeat":"repeat","background-position":"center center","background-size":"auto","background-attachment":"scroll","background-type":"","background-media":"","overlay-type":"","overlay-color":"","overlay-opacity":"","overlay-gradient":""},"tablet":{"background-color":"","background-image":"","background-repeat":"repeat","background-position":"center center","background-size":"auto","background-attachment":"scroll","background-type":"","background-media":"","overlay-type":"","overlay-color":"","overlay-opacity":"","overlay-gradient":""},"mobile":{"background-color":"","background-image":"","background-repeat":"repeat","background-position":"center center","background-size":"auto","background-attachment":"scroll","background-type":"","background-media":"","overlay-type":"","overlay-color":"","overlay-opacity":"","overlay-gradient":""}},"ast-content-background-meta":{"desktop":{"background-color":"var(--ast-global-color-5)","background-image":"","background-repeat":"repeat","background-position":"center center","background-size":"auto","background-attachment":"scroll","background-type":"","background-media":"","overlay-type":"","overlay-color":"","overlay-opacity":"","overlay-gradient":""},"tablet":{"background-color":"var(--ast-global-color-5)","background-image":"","background-repeat":"repeat","background-position":"center center","background-size":"auto","background-attachment":"scroll","background-type":"","background-media":"","overlay-type":"","overlay-color":"","overlay-opacity":"","overlay-gradient":""},"mobile":{"background-color":"var(--ast-global-color-5)","background-image":"","background-repeat":"repeat","background-position":"center center","background-size":"auto","background-attachment":"scroll","background-type":"","background-media":"","overlay-type":"","overlay-color":"","overlay-opacity":"","overlay-gradient":""}}},"product_brand":[],"product_cat":[34],"product_tag":[52,53],"class_list":{"0":"post-3404","1":"product","2":"type-product","3":"status-publish","4":"has-post-thumbnail","6":"product_cat-sweatshirt","7":"product_tag-polar","8":"product_tag-sweatshirt","9":"desktop-align-left","10":"tablet-align-left","11":"mobile-align-left","12":"ast-product-gallery-layout-horizontal","13":"ast-product-gallery-with-no-image","14":"ast-product-tabs-layout-horizontal","15":"ast-qv-on-image","17":"first","18":"instock","19":"shipping-taxable","20":"purchasable","21":"product-type-simple"},"aioseo_notices":[],"uagb_featured_image_src":{"full":["https:\/\/fabbwomen.com\/wp-content\/uploads\/2025\/01\/42c4697a-87ea-4ba9-8c52-a37d76580f54.jpeg",900,1600,false],"thumbnail":["https:\/\/fabbwomen.com\/wp-content\/uploads\/2025\/01\/42c4697a-87ea-4ba9-8c52-a37d76580f54-150x150.jpeg",150,150,true],"medium":["https:\/\/fabbwomen.com\/wp-content\/uploads\/2025\/01\/42c4697a-87ea-4ba9-8c52-a37d76580f54-169x300.jpeg",169,300,true],"medium_large":["https:\/\/fabbwomen.com\/wp-content\/uploads\/2025\/01\/42c4697a-87ea-4ba9-8c52-a37d76580f54-768x1365.jpeg",768,1365,true],"large":["https:\/\/fabbwomen.com\/wp-content\/uploads\/2025\/01\/42c4697a-87ea-4ba9-8c52-a37d76580f54-576x1024.jpeg",576,1024,true],"1536x1536":["https:\/\/fabbwomen.com\/wp-content\/uploads\/2025\/01\/42c4697a-87ea-4ba9-8c52-a37d76580f54-864x1536.jpeg",864,1536,true],"2048x2048":["https:\/\/fabbwomen.com\/wp-content\/uploads\/2025\/01\/42c4697a-87ea-4ba9-8c52-a37d76580f54.jpeg",900,1600,false],"woocommerce_thumbnail":["https:\/\/fabbwomen.com\/wp-content\/uploads\/2025\/01\/42c4697a-87ea-4ba9-8c52-a37d76580f54-300x300.jpeg",300,300,true],"woocommerce_single":["https:\/\/fabbwomen.com\/wp-content\/uploads\/2025\/01\/42c4697a-87ea-4ba9-8c52-a37d76580f54-600x1067.jpeg",600,1067,true],"woocommerce_gallery_thumbnail":["https:\/\/fabbwomen.com\/wp-content\/uploads\/2025\/01\/42c4697a-87ea-4ba9-8c52-a37d76580f54-100x100.jpeg",100,100,true]},"uagb_author_info":{"display_name":"admin","author_link":"https:\/\/fabbwomen.com\/index.php\/author\/"},"uagb_comment_info":0,"uagb_excerpt":null,"_links":{"self":[{"href":"https:\/\/fabbwomen.com\/index.php\/wp-json\/wp\/v2\/product\/3404","targetHints":{"allow":["GET"]}}],"collection":[{"href":"https:\/\/fabbwomen.com\/index.php\/wp-json\/wp\/v2\/product"}],"about":[{"href":"https:\/\/fabbwomen.com\/index.php\/wp-json\/wp\/v2\/types\/product"}],"replies":[{"embeddable":true,"href":"https:\/\/fabbwomen.com\/index.php\/wp-json\/wp\/v2\/comments?post=3404"}],"wp:featuredmedia":[{"embeddable":true,"href":"https:\/\/fabbwomen.com\/index.php\/wp-json\/wp\/v2\/media\/3410"}],"wp:attachment":[{"href":"https:\/\/fabbwomen.com\/index.php\/wp-json\/wp\/v2\/media?parent=3404"}],"wp:term":[{"taxonomy":"product_brand","embeddable":true,"href":"https:\/\/fabbwomen.com\/index.php\/wp-json\/wp\/v2\/product_brand?post=3404"},{"taxonomy":"product_cat","embeddable":true,"href":"https:\/\/fabbwomen.com\/index.php\/wp-json\/wp\/v2\/product_cat?post=3404"},{"taxonomy":"product_tag","embeddable":true,"href":"https:\/\/fabbwomen.com\/index.php\/wp-json\/wp\/v2\/product_tag?post=3404"}],"curies":[{"name":"wp","href":"https:\/\/api.w.org\/{rel}","templated":true}]}}