{"id":3376,"date":"2025-01-05T13:58:24","date_gmt":"2025-01-05T13:58:24","guid":{"rendered":"https:\/\/fabbwomen.com\/?post_type=product&#038;p=3376"},"modified":"2025-01-05T13:58:25","modified_gmt":"2025-01-05T13:58:25","slug":"dik-yaka-dugme-aksesuarli-takim","status":"publish","type":"product","link":"https:\/\/fabbwomen.com\/index.php\/urun\/dik-yaka-dugme-aksesuarli-takim\/","title":{"rendered":"Dik Yaka D\u00fc\u011fme Aksesuarl\u0131 Tak\u0131m"},"content":{"rendered":"<p>\u0130lk bahar ye\u015filinin orta tonu olan Cambridge mavisi rengine sahiptir.<\/p>\n<p>S \/ M \/ L \/ XL \u00a0bedenleri mevcuttur.<\/p>\n","protected":false},"excerpt":{"rendered":"<p>\u0130lk bahar ye\u015filinin orta tonu olan Cambridge mavisi rengine sahiptir. S \/ M \/ L \/ XL \u00a0bedenleri mevcuttur.<\/p>\n","protected":false},"featured_media":3378,"comment_status":"open","ping_status":"closed","template":"","meta":{"_uag_custom_page_level_css":"","site-sidebar-layout":"default","site-content-layout":"","ast-site-content-layout":"default","site-content-style":"default","site-sidebar-style":"default","ast-global-header-display":"","ast-banner-title-visibility":"","ast-main-header-display":"","ast-hfb-above-header-display":"","ast-hfb-below-header-display":"","ast-hfb-mobile-header-display":"","site-post-title":"","ast-breadcrumbs-content":"","ast-featured-img":"","footer-sml-layout":"","ast-disable-related-posts":"","theme-transparent-header-meta":"default","adv-header-id-meta":"","stick-header-meta":"default","header-above-stick-meta":"","header-main-stick-meta":"","header-below-stick-meta":"","astra-migrate-meta-layouts":"set","ast-page-background-enabled":"default","ast-page-background-meta":{"desktop":{"background-color":"","background-image":"","background-repeat":"repeat","background-position":"center center","background-size":"auto","background-attachment":"scroll","background-type":"","background-media":"","overlay-type":"","overlay-color":"","overlay-opacity":"","overlay-gradient":""},"tablet":{"background-color":"","background-image":"","background-repeat":"repeat","background-position":"center center","background-size":"auto","background-attachment":"scroll","background-type":"","background-media":"","overlay-type":"","overlay-color":"","overlay-opacity":"","overlay-gradient":""},"mobile":{"background-color":"","background-image":"","background-repeat":"repeat","background-position":"center center","background-size":"auto","background-attachment":"scroll","background-type":"","background-media":"","overlay-type":"","overlay-color":"","overlay-opacity":"","overlay-gradient":""}},"ast-content-background-meta":{"desktop":{"background-color":"var(--ast-global-color-5)","background-image":"","background-repeat":"repeat","background-position":"center center","background-size":"auto","background-attachment":"scroll","background-type":"","background-media":"","overlay-type":"","overlay-color":"","overlay-opacity":"","overlay-gradient":""},"tablet":{"background-color":"var(--ast-global-color-5)","background-image":"","background-repeat":"repeat","background-position":"center center","background-size":"auto","background-attachment":"scroll","background-type":"","background-media":"","overlay-type":"","overlay-color":"","overlay-opacity":"","overlay-gradient":""},"mobile":{"background-color":"var(--ast-global-color-5)","background-image":"","background-repeat":"repeat","background-position":"center center","background-size":"auto","background-attachment":"scroll","background-type":"","background-media":"","overlay-type":"","overlay-color":"","overlay-opacity":"","overlay-gradient":""}}},"product_brand":[],"product_cat":[41],"product_tag":[44],"class_list":{"0":"post-3376","1":"product","2":"type-product","3":"status-publish","4":"has-post-thumbnail","6":"product_cat-ikili-takim","7":"product_tag-ikilitakim","8":"desktop-align-left","9":"tablet-align-left","10":"mobile-align-left","11":"ast-product-gallery-layout-horizontal","12":"ast-product-tabs-layout-horizontal","13":"ast-qv-on-image","15":"first","16":"instock","17":"shipping-taxable","18":"purchasable","19":"product-type-simple"},"aioseo_notices":[],"uagb_featured_image_src":{"full":["https:\/\/fabbwomen.com\/wp-content\/uploads\/2025\/01\/3414c12a-db3c-4ed9-89ce-d1138d0fad32.jpeg",1067,1600,false],"thumbnail":["https:\/\/fabbwomen.com\/wp-content\/uploads\/2025\/01\/3414c12a-db3c-4ed9-89ce-d1138d0fad32-150x150.jpeg",150,150,true],"medium":["https:\/\/fabbwomen.com\/wp-content\/uploads\/2025\/01\/3414c12a-db3c-4ed9-89ce-d1138d0fad32-200x300.jpeg",200,300,true],"medium_large":["https:\/\/fabbwomen.com\/wp-content\/uploads\/2025\/01\/3414c12a-db3c-4ed9-89ce-d1138d0fad32-768x1152.jpeg",768,1152,true],"large":["https:\/\/fabbwomen.com\/wp-content\/uploads\/2025\/01\/3414c12a-db3c-4ed9-89ce-d1138d0fad32-683x1024.jpeg",683,1024,true],"1536x1536":["https:\/\/fabbwomen.com\/wp-content\/uploads\/2025\/01\/3414c12a-db3c-4ed9-89ce-d1138d0fad32-1024x1536.jpeg",1024,1536,true],"2048x2048":["https:\/\/fabbwomen.com\/wp-content\/uploads\/2025\/01\/3414c12a-db3c-4ed9-89ce-d1138d0fad32.jpeg",1067,1600,false],"woocommerce_thumbnail":["https:\/\/fabbwomen.com\/wp-content\/uploads\/2025\/01\/3414c12a-db3c-4ed9-89ce-d1138d0fad32-300x300.jpeg",300,300,true],"woocommerce_single":["https:\/\/fabbwomen.com\/wp-content\/uploads\/2025\/01\/3414c12a-db3c-4ed9-89ce-d1138d0fad32-600x900.jpeg",600,900,true],"woocommerce_gallery_thumbnail":["https:\/\/fabbwomen.com\/wp-content\/uploads\/2025\/01\/3414c12a-db3c-4ed9-89ce-d1138d0fad32-100x100.jpeg",100,100,true]},"uagb_author_info":{"display_name":"admin","author_link":"https:\/\/fabbwomen.com\/index.php\/author\/"},"uagb_comment_info":0,"uagb_excerpt":"\u0130lk bahar ye\u015filinin orta tonu olan Cambridge mavisi rengine sahiptir. S \/ M \/ L \/ XL \u00a0bedenleri mevcuttur.","_links":{"self":[{"href":"https:\/\/fabbwomen.com\/index.php\/wp-json\/wp\/v2\/product\/3376","targetHints":{"allow":["GET"]}}],"collection":[{"href":"https:\/\/fabbwomen.com\/index.php\/wp-json\/wp\/v2\/product"}],"about":[{"href":"https:\/\/fabbwomen.com\/index.php\/wp-json\/wp\/v2\/types\/product"}],"replies":[{"embeddable":true,"href":"https:\/\/fabbwomen.com\/index.php\/wp-json\/wp\/v2\/comments?post=3376"}],"wp:featuredmedia":[{"embeddable":true,"href":"https:\/\/fabbwomen.com\/index.php\/wp-json\/wp\/v2\/media\/3378"}],"wp:attachment":[{"href":"https:\/\/fabbwomen.com\/index.php\/wp-json\/wp\/v2\/media?parent=3376"}],"wp:term":[{"taxonomy":"product_brand","embeddable":true,"href":"https:\/\/fabbwomen.com\/index.php\/wp-json\/wp\/v2\/product_brand?post=3376"},{"taxonomy":"product_cat","embeddable":true,"href":"https:\/\/fabbwomen.com\/index.php\/wp-json\/wp\/v2\/product_cat?post=3376"},{"taxonomy":"product_tag","embeddable":true,"href":"https:\/\/fabbwomen.com\/index.php\/wp-json\/wp\/v2\/product_tag?post=3376"}],"curies":[{"name":"wp","href":"https:\/\/api.w.org\/{rel}","templated":true}]}}