{"id":3211,"date":"2023-09-18T14:41:52","date_gmt":"2023-09-18T14:41:52","guid":{"rendered":"https:\/\/fabbwomen.com\/?post_type=product&#038;p=3211"},"modified":"2023-09-18T14:41:52","modified_gmt":"2023-09-18T14:41:52","slug":"fistik-yesili-takim","status":"publish","type":"product","link":"https:\/\/fabbwomen.com\/index.php\/urun\/fistik-yesili-takim\/","title":{"rendered":"F\u0131st\u0131k Ye\u015fili Tak\u0131m"},"content":{"rendered":"","protected":false},"excerpt":{"rendered":"","protected":false},"featured_media":3212,"comment_status":"open","ping_status":"closed","template":"","meta":{"_uag_custom_page_level_css":"","site-sidebar-layout":"default","site-content-layout":"","ast-site-content-layout":"default","site-content-style":"default","site-sidebar-style":"default","ast-global-header-display":"","ast-banner-title-visibility":"","ast-main-header-display":"","ast-hfb-above-header-display":"","ast-hfb-below-header-display":"","ast-hfb-mobile-header-display":"","site-post-title":"","ast-breadcrumbs-content":"","ast-featured-img":"","footer-sml-layout":"","ast-disable-related-posts":"","theme-transparent-header-meta":"default","adv-header-id-meta":"","stick-header-meta":"default","header-above-stick-meta":"","header-main-stick-meta":"","header-below-stick-meta":"","astra-migrate-meta-layouts":"set","ast-page-background-enabled":"default","ast-page-background-meta":{"desktop":{"background-color":"","background-image":"","background-repeat":"repeat","background-position":"center center","background-size":"auto","background-attachment":"scroll","background-type":"","background-media":"","overlay-type":"","overlay-color":"","overlay-opacity":"","overlay-gradient":""},"tablet":{"background-color":"","background-image":"","background-repeat":"repeat","background-position":"center center","background-size":"auto","background-attachment":"scroll","background-type":"","background-media":"","overlay-type":"","overlay-color":"","overlay-opacity":"","overlay-gradient":""},"mobile":{"background-color":"","background-image":"","background-repeat":"repeat","background-position":"center center","background-size":"auto","background-attachment":"scroll","background-type":"","background-media":"","overlay-type":"","overlay-color":"","overlay-opacity":"","overlay-gradient":""}},"ast-content-background-meta":{"desktop":{"background-color":"var(--ast-global-color-5)","background-image":"","background-repeat":"repeat","background-position":"center center","background-size":"auto","background-attachment":"scroll","background-type":"","background-media":"","overlay-type":"","overlay-color":"","overlay-opacity":"","overlay-gradient":""},"tablet":{"background-color":"var(--ast-global-color-5)","background-image":"","background-repeat":"repeat","background-position":"center center","background-size":"auto","background-attachment":"scroll","background-type":"","background-media":"","overlay-type":"","overlay-color":"","overlay-opacity":"","overlay-gradient":""},"mobile":{"background-color":"var(--ast-global-color-5)","background-image":"","background-repeat":"repeat","background-position":"center center","background-size":"auto","background-attachment":"scroll","background-type":"","background-media":"","overlay-type":"","overlay-color":"","overlay-opacity":"","overlay-gradient":""}}},"product_brand":[],"product_cat":[41],"product_tag":[],"class_list":{"0":"post-3211","1":"product","2":"type-product","3":"status-publish","4":"has-post-thumbnail","6":"product_cat-ikili-takim","7":"desktop-align-left","8":"tablet-align-left","9":"mobile-align-left","10":"ast-product-gallery-layout-horizontal","11":"ast-product-tabs-layout-horizontal","12":"ast-qv-on-image","14":"first","15":"instock","16":"shipping-taxable","17":"purchasable","18":"product-type-simple"},"aioseo_notices":[],"uagb_featured_image_src":{"full":["https:\/\/fabbwomen.com\/wp-content\/uploads\/2023\/09\/fistikyesili1.jpg",1354,1433,false],"thumbnail":["https:\/\/fabbwomen.com\/wp-content\/uploads\/2023\/09\/fistikyesili1-150x150.jpg",150,150,true],"medium":["https:\/\/fabbwomen.com\/wp-content\/uploads\/2023\/09\/fistikyesili1-283x300.jpg",283,300,true],"medium_large":["https:\/\/fabbwomen.com\/wp-content\/uploads\/2023\/09\/fistikyesili1-768x813.jpg",768,813,true],"large":["https:\/\/fabbwomen.com\/wp-content\/uploads\/2023\/09\/fistikyesili1-968x1024.jpg",968,1024,true],"1536x1536":["https:\/\/fabbwomen.com\/wp-content\/uploads\/2023\/09\/fistikyesili1.jpg",1354,1433,false],"2048x2048":["https:\/\/fabbwomen.com\/wp-content\/uploads\/2023\/09\/fistikyesili1.jpg",1354,1433,false],"woocommerce_thumbnail":["https:\/\/fabbwomen.com\/wp-content\/uploads\/2023\/09\/fistikyesili1-300x300.jpg",300,300,true],"woocommerce_single":["https:\/\/fabbwomen.com\/wp-content\/uploads\/2023\/09\/fistikyesili1-600x635.jpg",600,635,true],"woocommerce_gallery_thumbnail":["https:\/\/fabbwomen.com\/wp-content\/uploads\/2023\/09\/fistikyesili1-100x100.jpg",100,100,true]},"uagb_author_info":{"display_name":"admin","author_link":"https:\/\/fabbwomen.com\/index.php\/author\/"},"uagb_comment_info":0,"uagb_excerpt":null,"_links":{"self":[{"href":"https:\/\/fabbwomen.com\/index.php\/wp-json\/wp\/v2\/product\/3211","targetHints":{"allow":["GET"]}}],"collection":[{"href":"https:\/\/fabbwomen.com\/index.php\/wp-json\/wp\/v2\/product"}],"about":[{"href":"https:\/\/fabbwomen.com\/index.php\/wp-json\/wp\/v2\/types\/product"}],"replies":[{"embeddable":true,"href":"https:\/\/fabbwomen.com\/index.php\/wp-json\/wp\/v2\/comments?post=3211"}],"wp:featuredmedia":[{"embeddable":true,"href":"https:\/\/fabbwomen.com\/index.php\/wp-json\/wp\/v2\/media\/3212"}],"wp:attachment":[{"href":"https:\/\/fabbwomen.com\/index.php\/wp-json\/wp\/v2\/media?parent=3211"}],"wp:term":[{"taxonomy":"product_brand","embeddable":true,"href":"https:\/\/fabbwomen.com\/index.php\/wp-json\/wp\/v2\/product_brand?post=3211"},{"taxonomy":"product_cat","embeddable":true,"href":"https:\/\/fabbwomen.com\/index.php\/wp-json\/wp\/v2\/product_cat?post=3211"},{"taxonomy":"product_tag","embeddable":true,"href":"https:\/\/fabbwomen.com\/index.php\/wp-json\/wp\/v2\/product_tag?post=3211"}],"curies":[{"name":"wp","href":"https:\/\/api.w.org\/{rel}","templated":true}]}}