{"id":3068,"date":"2023-06-18T16:02:52","date_gmt":"2023-06-18T16:02:52","guid":{"rendered":"https:\/\/fabbwomen.com\/?post_type=product&#038;p=3068"},"modified":"2023-06-19T08:59:46","modified_gmt":"2023-06-19T08:59:46","slug":"sirt-dekolteli-dugmeli-crop","status":"publish","type":"product","link":"https:\/\/fabbwomen.com\/index.php\/urun\/sirt-dekolteli-dugmeli-crop\/","title":{"rendered":"S\u0131rt Dekolteli D\u00fc\u011fmeli Crop"},"content":{"rendered":"","protected":false},"excerpt":{"rendered":"","protected":false},"featured_media":3071,"comment_status":"open","ping_status":"closed","template":"","meta":{"_uag_custom_page_level_css":"","site-sidebar-layout":"default","site-content-layout":"default","ast-site-content-layout":"default","site-content-style":"default","site-sidebar-style":"default","ast-global-header-display":"","ast-banner-title-visibility":"","ast-main-header-display":"","ast-hfb-above-header-display":"","ast-hfb-below-header-display":"","ast-hfb-mobile-header-display":"","site-post-title":"","ast-breadcrumbs-content":"","ast-featured-img":"","footer-sml-layout":"","ast-disable-related-posts":"","theme-transparent-header-meta":"default","adv-header-id-meta":"","stick-header-meta":"default","header-above-stick-meta":"","header-main-stick-meta":"","header-below-stick-meta":"","astra-migrate-meta-layouts":"default","ast-page-background-enabled":"default","ast-page-background-meta":{"desktop":{"background-color":"","background-image":"","background-repeat":"repeat","background-position":"center center","background-size":"auto","background-attachment":"scroll","background-type":"","background-media":"","overlay-type":"","overlay-color":"","overlay-opacity":"","overlay-gradient":""},"tablet":{"background-color":"","background-image":"","background-repeat":"repeat","background-position":"center center","background-size":"auto","background-attachment":"scroll","background-type":"","background-media":"","overlay-type":"","overlay-color":"","overlay-opacity":"","overlay-gradient":""},"mobile":{"background-color":"","background-image":"","background-repeat":"repeat","background-position":"center center","background-size":"auto","background-attachment":"scroll","background-type":"","background-media":"","overlay-type":"","overlay-color":"","overlay-opacity":"","overlay-gradient":""}},"ast-content-background-meta":{"desktop":{"background-color":"var(--ast-global-color-5)","background-image":"","background-repeat":"repeat","background-position":"center center","background-size":"auto","background-attachment":"scroll","background-type":"","background-media":"","overlay-type":"","overlay-color":"","overlay-opacity":"","overlay-gradient":""},"tablet":{"background-color":"var(--ast-global-color-5)","background-image":"","background-repeat":"repeat","background-position":"center center","background-size":"auto","background-attachment":"scroll","background-type":"","background-media":"","overlay-type":"","overlay-color":"","overlay-opacity":"","overlay-gradient":""},"mobile":{"background-color":"var(--ast-global-color-5)","background-image":"","background-repeat":"repeat","background-position":"center center","background-size":"auto","background-attachment":"scroll","background-type":"","background-media":"","overlay-type":"","overlay-color":"","overlay-opacity":"","overlay-gradient":""}}},"product_brand":[],"product_cat":[35],"product_tag":[],"class_list":{"0":"post-3068","1":"product","2":"type-product","3":"status-publish","4":"has-post-thumbnail","6":"product_cat-ust-giyim","7":"desktop-align-left","8":"tablet-align-left","9":"mobile-align-left","10":"ast-product-gallery-layout-horizontal","11":"ast-product-tabs-layout-horizontal","12":"ast-qv-on-image","14":"first","15":"instock","16":"shipping-taxable","17":"purchasable","18":"product-type-simple"},"aioseo_notices":[],"uagb_featured_image_src":{"full":["https:\/\/fabbwomen.com\/wp-content\/uploads\/2023\/06\/DUGMELICROP2-scaled.jpg",1920,2560,false],"thumbnail":["https:\/\/fabbwomen.com\/wp-content\/uploads\/2023\/06\/DUGMELICROP2-150x150.jpg",150,150,true],"medium":["https:\/\/fabbwomen.com\/wp-content\/uploads\/2023\/06\/DUGMELICROP2-225x300.jpg",225,300,true],"medium_large":["https:\/\/fabbwomen.com\/wp-content\/uploads\/2023\/06\/DUGMELICROP2-768x1024.jpg",768,1024,true],"large":["https:\/\/fabbwomen.com\/wp-content\/uploads\/2023\/06\/DUGMELICROP2-768x1024.jpg",768,1024,true],"1536x1536":["https:\/\/fabbwomen.com\/wp-content\/uploads\/2023\/06\/DUGMELICROP2-1152x1536.jpg",1152,1536,true],"2048x2048":["https:\/\/fabbwomen.com\/wp-content\/uploads\/2023\/06\/DUGMELICROP2-1536x2048.jpg",1536,2048,true],"woocommerce_thumbnail":["https:\/\/fabbwomen.com\/wp-content\/uploads\/2023\/06\/DUGMELICROP2-300x300.jpg",300,300,true],"woocommerce_single":["https:\/\/fabbwomen.com\/wp-content\/uploads\/2023\/06\/DUGMELICROP2-600x800.jpg",600,800,true],"woocommerce_gallery_thumbnail":["https:\/\/fabbwomen.com\/wp-content\/uploads\/2023\/06\/DUGMELICROP2-100x100.jpg",100,100,true]},"uagb_author_info":{"display_name":"admin","author_link":"https:\/\/fabbwomen.com\/index.php\/author\/"},"uagb_comment_info":0,"uagb_excerpt":null,"_links":{"self":[{"href":"https:\/\/fabbwomen.com\/index.php\/wp-json\/wp\/v2\/product\/3068","targetHints":{"allow":["GET"]}}],"collection":[{"href":"https:\/\/fabbwomen.com\/index.php\/wp-json\/wp\/v2\/product"}],"about":[{"href":"https:\/\/fabbwomen.com\/index.php\/wp-json\/wp\/v2\/types\/product"}],"replies":[{"embeddable":true,"href":"https:\/\/fabbwomen.com\/index.php\/wp-json\/wp\/v2\/comments?post=3068"}],"wp:featuredmedia":[{"embeddable":true,"href":"https:\/\/fabbwomen.com\/index.php\/wp-json\/wp\/v2\/media\/3071"}],"wp:attachment":[{"href":"https:\/\/fabbwomen.com\/index.php\/wp-json\/wp\/v2\/media?parent=3068"}],"wp:term":[{"taxonomy":"product_brand","embeddable":true,"href":"https:\/\/fabbwomen.com\/index.php\/wp-json\/wp\/v2\/product_brand?post=3068"},{"taxonomy":"product_cat","embeddable":true,"href":"https:\/\/fabbwomen.com\/index.php\/wp-json\/wp\/v2\/product_cat?post=3068"},{"taxonomy":"product_tag","embeddable":true,"href":"https:\/\/fabbwomen.com\/index.php\/wp-json\/wp\/v2\/product_tag?post=3068"}],"curies":[{"name":"wp","href":"https:\/\/api.w.org\/{rel}","templated":true}]}}